{"id":2561,"date":"2025-11-24T13:29:45","date_gmt":"2025-11-24T13:29:45","guid":{"rendered":"https:\/\/dancecentre-extreme.nl\/wordpress\/?page_id=2561"},"modified":"2025-12-02T08:26:53","modified_gmt":"2025-12-02T08:26:53","slug":"wat-gebeurt-er-bij-dce","status":"publish","type":"page","link":"https:\/\/dancecentre-extreme.nl\/wordpress\/index.php\/wat-gebeurt-er-bij-dce\/","title":{"rendered":"Wat gebeurt er bij DCE?"},"content":{"rendered":"\n<div class=\"wp-block-columns is-layout-flex wp-container-core-columns-is-layout-28f84493 wp-block-columns-is-layout-flex\">\n<div class=\"wp-block-column is-layout-flow wp-block-column-is-layout-flow\">\n<div style=\"height:162px\" aria-hidden=\"true\" class=\"wp-block-spacer\"><\/div>\n<\/div>\n<\/div>\n\n\n\n<h2 class=\"wp-block-heading has-text-align-center has-luminous-vivid-amber-color has-ast-global-color-8-background-color has-text-color has-background has-link-color wp-elements-132d060b645fb6d02553911afa59154a\" style=\"font-size:33px\">NIEUWS\/BLOGS<\/h2>\n\n\n\n<div class=\"wp-block-columns is-layout-flex wp-container-core-columns-is-layout-28f84493 wp-block-columns-is-layout-flex\">\n<div class=\"wp-block-column is-layout-flow wp-block-column-is-layout-flow\">\n<h2 class=\"wp-block-heading has-text-align-center has-ast-global-color-5-color has-luminous-vivid-amber-background-color has-text-color has-background has-link-color wp-elements-48007d960601aa380e60aecf2ac20e88\">NIEUWS<\/h2>\n<\/div>\n\n\n\n<div class=\"wp-block-column is-vertically-aligned-center is-layout-flow wp-block-column-is-layout-flow\">\n<h2 class=\"wp-block-heading has-text-align-center has-ast-global-color-5-color has-luminous-vivid-amber-background-color has-text-color has-background has-link-color wp-elements-7a94c7d3444038241374c176fdfcdc09\">BLOGS<\/h2>\n<\/div>\n<\/div>\n\n\n\n<div class=\"wp-block-columns is-layout-flex wp-container-core-columns-is-layout-28f84493 wp-block-columns-is-layout-flex\">\n<div class=\"wp-block-column is-layout-flow wp-block-column-is-layout-flow\"><ul class=\"wp-block-latest-posts__list has-dates has-link-color wp-elements-ce76654d59c2080d40d8a2eb98b7a025 wp-block-latest-posts has-text-color has-ast-global-color-5-color has-background has-ast-global-color-8-background-color has-large-font-size\"><\/ul><\/div>\n\n\n\n<div class=\"wp-block-column is-layout-flow wp-block-column-is-layout-flow\">\n<div class=\"wp-block-columns is-layout-flex wp-container-core-columns-is-layout-28f84493 wp-block-columns-is-layout-flex\">\n<div class=\"wp-block-column is-layout-flow wp-block-column-is-layout-flow\" style=\"flex-basis:100%\"><ul style=\"padding-top:var(--wp--preset--spacing--50);padding-bottom:var(--wp--preset--spacing--50);padding-left:var(--wp--preset--spacing--50);padding-right:var(--wp--preset--spacing--50);\" class=\"wp-block-latest-posts__list has-dates has-link-color aligncenter wp-elements-3c140f099ba066d084d3693674c3a353 wp-block-latest-posts has-text-color has-ast-global-color-5-color has-background has-black-background-color\"><li><a class=\"wp-block-latest-posts__post-title\" href=\"https:\/\/dancecentre-extreme.nl\/wordpress\/index.php\/2025\/12\/01\/wat-is-afrodance-ontdek-de-energie-van-onze-nieuwe-dansstijl-bij-dance-centre-extreme\/\">Wat is Afrodance? Ontdek de energie van onze nieuwe dansstijl bij DCE<\/a><time datetime=\"2025-12-01T18:43:43+00:00\" class=\"wp-block-latest-posts__post-date\">december 1, 2025<\/time><div class=\"wp-block-latest-posts__post-excerpt\">Wat is Afrodance? Ontdek de energie van onze nieuwe dansstijl bij DCE! Afrodance is een populaire dansstijl die voortkomt uit verschillende Afrikaanse dansculturen en moderne Afro-beats muziek. Denk aan ritmische bewegingen, veel flow, isolaties, snelle footwork en vooral: dansen met je hele lijf. Het is een mix van stijlen zoals:&#8211; Afro House&#8211; Amapiano&#8211; Coup\u00e9 D\u00e9cal\u00e9&#8211;\u2026 <a class=\"wp-block-latest-posts__read-more\" href=\"https:\/\/dancecentre-extreme.nl\/wordpress\/index.php\/2025\/12\/01\/wat-is-afrodance-ontdek-de-energie-van-onze-nieuwe-dansstijl-bij-dance-centre-extreme\/\" rel=\"noopener noreferrer\">Lees meer<span class=\"screen-reader-text\">: Wat is Afrodance? Ontdek de energie van onze nieuwe dansstijl bij DCE<\/span><\/a><\/div><\/li>\n<\/ul><\/div>\n<\/div>\n<\/div>\n<\/div>\n\n\n\n<p><\/p>\n","protected":false},"excerpt":{"rendered":"<p>NIEUWS\/BLOGS NIEUWS BLOGS<\/p>\n","protected":false},"author":1,"featured_media":0,"parent":0,"menu_order":0,"comment_status":"closed","ping_status":"closed","template":"","meta":{"_uag_custom_page_level_css":"","site-sidebar-layout":"default","site-content-layout":"","ast-site-content-layout":"default","site-content-style":"default","site-sidebar-style":"default","ast-global-header-display":"","ast-banner-title-visibility":"","ast-main-header-display":"","ast-hfb-above-header-display":"","ast-hfb-below-header-display":"","ast-hfb-mobile-header-display":"","site-post-title":"","ast-breadcrumbs-content":"","ast-featured-img":"","footer-sml-layout":"","ast-disable-related-posts":"","theme-transparent-header-meta":"","adv-header-id-meta":"","stick-header-meta":"","header-above-stick-meta":"","header-main-stick-meta":"","header-below-stick-meta":"","astra-migrate-meta-layouts":"set","ast-page-background-enabled":"default","ast-page-background-meta":{"desktop":{"background-color":"","background-image":"","background-repeat":"repeat","background-position":"center center","background-size":"auto","background-attachment":"scroll","background-type":"","background-media":"","overlay-type":"","overlay-color":"","overlay-opacity":"","overlay-gradient":""},"tablet":{"background-color":"","background-image":"","background-repeat":"repeat","background-position":"center center","background-size":"auto","background-attachment":"scroll","background-type":"","background-media":"","overlay-type":"","overlay-color":"","overlay-opacity":"","overlay-gradient":""},"mobile":{"background-color":"","background-image":"","background-repeat":"repeat","background-position":"center center","background-size":"auto","background-attachment":"scroll","background-type":"","background-media":"","overlay-type":"","overlay-color":"","overlay-opacity":"","overlay-gradient":""}},"ast-content-background-meta":{"desktop":{"background-color":"var(--ast-global-color-5)","background-image":"","background-repeat":"repeat","background-position":"center center","background-size":"auto","background-attachment":"scroll","background-type":"","background-media":"","overlay-type":"","overlay-color":"","overlay-opacity":"","overlay-gradient":""},"tablet":{"background-color":"var(--ast-global-color-5)","background-image":"","background-repeat":"repeat","background-position":"center center","background-size":"auto","background-attachment":"scroll","background-type":"","background-media":"","overlay-type":"","overlay-color":"","overlay-opacity":"","overlay-gradient":""},"mobile":{"background-color":"var(--ast-global-color-5)","background-image":"","background-repeat":"repeat","background-position":"center center","background-size":"auto","background-attachment":"scroll","background-type":"","background-media":"","overlay-type":"","overlay-color":"","overlay-opacity":"","overlay-gradient":""}},"footnotes":""},"class_list":["post-2561","page","type-page","status-publish","hentry"],"yoast_head":"<!-- This site is optimized with the Yoast SEO plugin v27.4 - https:\/\/yoast.com\/product\/yoast-seo-wordpress\/ -->\n<title>Wat gebeurt er bij DCE? - ..:: Dance Centre Extreme ::..<\/title>\n<meta name=\"robots\" content=\"index, follow, max-snippet:-1, max-image-preview:large, max-video-preview:-1\" \/>\n<link rel=\"canonical\" href=\"https:\/\/dancecentre-extreme.nl\/wordpress\/index.php\/wat-gebeurt-er-bij-dce\/\" \/>\n<meta property=\"og:locale\" content=\"nl_NL\" \/>\n<meta property=\"og:type\" content=\"article\" \/>\n<meta property=\"og:title\" content=\"Wat gebeurt er bij DCE? - ..:: Dance Centre Extreme ::..\" \/>\n<meta property=\"og:description\" content=\"NIEUWS\/BLOGS NIEUWS BLOGS\" \/>\n<meta property=\"og:url\" content=\"https:\/\/dancecentre-extreme.nl\/wordpress\/index.php\/wat-gebeurt-er-bij-dce\/\" \/>\n<meta property=\"og:site_name\" content=\"..:: Dance Centre Extreme ::..\" \/>\n<meta property=\"article:modified_time\" content=\"2025-12-02T08:26:53+00:00\" \/>\n<meta name=\"twitter:card\" content=\"summary_large_image\" \/>\n<meta name=\"twitter:label1\" content=\"Geschatte leestijd\" \/>\n\t<meta name=\"twitter:data1\" content=\"1 minuut\" \/>\n<script type=\"application\/ld+json\" class=\"yoast-schema-graph\">{\"@context\":\"https:\\\/\\\/schema.org\",\"@graph\":[{\"@type\":\"WebPage\",\"@id\":\"https:\\\/\\\/dancecentre-extreme.nl\\\/wordpress\\\/index.php\\\/wat-gebeurt-er-bij-dce\\\/\",\"url\":\"https:\\\/\\\/dancecentre-extreme.nl\\\/wordpress\\\/index.php\\\/wat-gebeurt-er-bij-dce\\\/\",\"name\":\"Wat gebeurt er bij DCE? - ..:: Dance Centre Extreme ::..\",\"isPartOf\":{\"@id\":\"https:\\\/\\\/dancecentre-extreme.nl\\\/wordpress\\\/#website\"},\"datePublished\":\"2025-11-24T13:29:45+00:00\",\"dateModified\":\"2025-12-02T08:26:53+00:00\",\"breadcrumb\":{\"@id\":\"https:\\\/\\\/dancecentre-extreme.nl\\\/wordpress\\\/index.php\\\/wat-gebeurt-er-bij-dce\\\/#breadcrumb\"},\"inLanguage\":\"nl-NL\",\"potentialAction\":[{\"@type\":\"ReadAction\",\"target\":[\"https:\\\/\\\/dancecentre-extreme.nl\\\/wordpress\\\/index.php\\\/wat-gebeurt-er-bij-dce\\\/\"]}]},{\"@type\":\"BreadcrumbList\",\"@id\":\"https:\\\/\\\/dancecentre-extreme.nl\\\/wordpress\\\/index.php\\\/wat-gebeurt-er-bij-dce\\\/#breadcrumb\",\"itemListElement\":[{\"@type\":\"ListItem\",\"position\":1,\"name\":\"Home\",\"item\":\"https:\\\/\\\/dancecentre-extreme.nl\\\/wordpress\\\/\"},{\"@type\":\"ListItem\",\"position\":2,\"name\":\"Wat gebeurt er bij DCE?\"}]},{\"@type\":\"WebSite\",\"@id\":\"https:\\\/\\\/dancecentre-extreme.nl\\\/wordpress\\\/#website\",\"url\":\"https:\\\/\\\/dancecentre-extreme.nl\\\/wordpress\\\/\",\"name\":\"..:: Dance Centre Extreme ::..\",\"description\":\"De urban dansschool van Den Bosch en Rosmalen!\",\"publisher\":{\"@id\":\"https:\\\/\\\/dancecentre-extreme.nl\\\/wordpress\\\/#organization\"},\"potentialAction\":[{\"@type\":\"SearchAction\",\"target\":{\"@type\":\"EntryPoint\",\"urlTemplate\":\"https:\\\/\\\/dancecentre-extreme.nl\\\/wordpress\\\/?s={search_term_string}\"},\"query-input\":{\"@type\":\"PropertyValueSpecification\",\"valueRequired\":true,\"valueName\":\"search_term_string\"}}],\"inLanguage\":\"nl-NL\"},{\"@type\":\"Organization\",\"@id\":\"https:\\\/\\\/dancecentre-extreme.nl\\\/wordpress\\\/#organization\",\"name\":\"..:: Dance Centre Extreme ::..\",\"url\":\"https:\\\/\\\/dancecentre-extreme.nl\\\/wordpress\\\/\",\"logo\":{\"@type\":\"ImageObject\",\"inLanguage\":\"nl-NL\",\"@id\":\"https:\\\/\\\/dancecentre-extreme.nl\\\/wordpress\\\/#\\\/schema\\\/logo\\\/image\\\/\",\"url\":\"https:\\\/\\\/dancecentre-extreme.nl\\\/wordpress\\\/wp-content\\\/uploads\\\/2020\\\/06\\\/dcelogoWITvoorzwarte-scaled.jpg\",\"contentUrl\":\"https:\\\/\\\/dancecentre-extreme.nl\\\/wordpress\\\/wp-content\\\/uploads\\\/2020\\\/06\\\/dcelogoWITvoorzwarte-scaled.jpg\",\"width\":2560,\"height\":2033,\"caption\":\"..:: Dance Centre Extreme ::..\"},\"image\":{\"@id\":\"https:\\\/\\\/dancecentre-extreme.nl\\\/wordpress\\\/#\\\/schema\\\/logo\\\/image\\\/\"}}]}<\/script>\n<!-- \/ Yoast SEO plugin. -->","yoast_head_json":{"title":"Wat gebeurt er bij DCE? - ..:: Dance Centre Extreme ::..","robots":{"index":"index","follow":"follow","max-snippet":"max-snippet:-1","max-image-preview":"max-image-preview:large","max-video-preview":"max-video-preview:-1"},"canonical":"https:\/\/dancecentre-extreme.nl\/wordpress\/index.php\/wat-gebeurt-er-bij-dce\/","og_locale":"nl_NL","og_type":"article","og_title":"Wat gebeurt er bij DCE? - ..:: Dance Centre Extreme ::..","og_description":"NIEUWS\/BLOGS NIEUWS BLOGS","og_url":"https:\/\/dancecentre-extreme.nl\/wordpress\/index.php\/wat-gebeurt-er-bij-dce\/","og_site_name":"..:: Dance Centre Extreme ::..","article_modified_time":"2025-12-02T08:26:53+00:00","twitter_card":"summary_large_image","twitter_misc":{"Geschatte leestijd":"1 minuut"},"schema":{"@context":"https:\/\/schema.org","@graph":[{"@type":"WebPage","@id":"https:\/\/dancecentre-extreme.nl\/wordpress\/index.php\/wat-gebeurt-er-bij-dce\/","url":"https:\/\/dancecentre-extreme.nl\/wordpress\/index.php\/wat-gebeurt-er-bij-dce\/","name":"Wat gebeurt er bij DCE? - ..:: Dance Centre Extreme ::..","isPartOf":{"@id":"https:\/\/dancecentre-extreme.nl\/wordpress\/#website"},"datePublished":"2025-11-24T13:29:45+00:00","dateModified":"2025-12-02T08:26:53+00:00","breadcrumb":{"@id":"https:\/\/dancecentre-extreme.nl\/wordpress\/index.php\/wat-gebeurt-er-bij-dce\/#breadcrumb"},"inLanguage":"nl-NL","potentialAction":[{"@type":"ReadAction","target":["https:\/\/dancecentre-extreme.nl\/wordpress\/index.php\/wat-gebeurt-er-bij-dce\/"]}]},{"@type":"BreadcrumbList","@id":"https:\/\/dancecentre-extreme.nl\/wordpress\/index.php\/wat-gebeurt-er-bij-dce\/#breadcrumb","itemListElement":[{"@type":"ListItem","position":1,"name":"Home","item":"https:\/\/dancecentre-extreme.nl\/wordpress\/"},{"@type":"ListItem","position":2,"name":"Wat gebeurt er bij DCE?"}]},{"@type":"WebSite","@id":"https:\/\/dancecentre-extreme.nl\/wordpress\/#website","url":"https:\/\/dancecentre-extreme.nl\/wordpress\/","name":"..:: Dance Centre Extreme ::..","description":"De urban dansschool van Den Bosch en Rosmalen!","publisher":{"@id":"https:\/\/dancecentre-extreme.nl\/wordpress\/#organization"},"potentialAction":[{"@type":"SearchAction","target":{"@type":"EntryPoint","urlTemplate":"https:\/\/dancecentre-extreme.nl\/wordpress\/?s={search_term_string}"},"query-input":{"@type":"PropertyValueSpecification","valueRequired":true,"valueName":"search_term_string"}}],"inLanguage":"nl-NL"},{"@type":"Organization","@id":"https:\/\/dancecentre-extreme.nl\/wordpress\/#organization","name":"..:: Dance Centre Extreme ::..","url":"https:\/\/dancecentre-extreme.nl\/wordpress\/","logo":{"@type":"ImageObject","inLanguage":"nl-NL","@id":"https:\/\/dancecentre-extreme.nl\/wordpress\/#\/schema\/logo\/image\/","url":"https:\/\/dancecentre-extreme.nl\/wordpress\/wp-content\/uploads\/2020\/06\/dcelogoWITvoorzwarte-scaled.jpg","contentUrl":"https:\/\/dancecentre-extreme.nl\/wordpress\/wp-content\/uploads\/2020\/06\/dcelogoWITvoorzwarte-scaled.jpg","width":2560,"height":2033,"caption":"..:: Dance Centre Extreme ::.."},"image":{"@id":"https:\/\/dancecentre-extreme.nl\/wordpress\/#\/schema\/logo\/image\/"}}]}},"uagb_featured_image_src":{"full":false,"thumbnail":false,"medium":false,"medium_large":false,"large":false,"1536x1536":false,"2048x2048":false},"uagb_author_info":{"display_name":"admin","author_link":"https:\/\/dancecentre-extreme.nl\/wordpress\/index.php\/author\/louiebrianarts_e0ay021r\/"},"uagb_comment_info":0,"uagb_excerpt":"NIEUWS\/BLOGS NIEUWS BLOGS","_links":{"self":[{"href":"https:\/\/dancecentre-extreme.nl\/wordpress\/index.php\/wp-json\/wp\/v2\/pages\/2561","targetHints":{"allow":["GET"]}}],"collection":[{"href":"https:\/\/dancecentre-extreme.nl\/wordpress\/index.php\/wp-json\/wp\/v2\/pages"}],"about":[{"href":"https:\/\/dancecentre-extreme.nl\/wordpress\/index.php\/wp-json\/wp\/v2\/types\/page"}],"author":[{"embeddable":true,"href":"https:\/\/dancecentre-extreme.nl\/wordpress\/index.php\/wp-json\/wp\/v2\/users\/1"}],"replies":[{"embeddable":true,"href":"https:\/\/dancecentre-extreme.nl\/wordpress\/index.php\/wp-json\/wp\/v2\/comments?post=2561"}],"version-history":[{"count":13,"href":"https:\/\/dancecentre-extreme.nl\/wordpress\/index.php\/wp-json\/wp\/v2\/pages\/2561\/revisions"}],"predecessor-version":[{"id":2612,"href":"https:\/\/dancecentre-extreme.nl\/wordpress\/index.php\/wp-json\/wp\/v2\/pages\/2561\/revisions\/2612"}],"wp:attachment":[{"href":"https:\/\/dancecentre-extreme.nl\/wordpress\/index.php\/wp-json\/wp\/v2\/media?parent=2561"}],"curies":[{"name":"wp","href":"https:\/\/api.w.org\/{rel}","templated":true}]}}